{"id":92,"date":"2025-02-17T20:18:09","date_gmt":"2025-02-17T20:18:09","guid":{"rendered":"https:\/\/sick-productions.com\/?page_id=92"},"modified":"2026-03-12T13:58:37","modified_gmt":"2026-03-12T12:58:37","slug":"about","status":"publish","type":"page","link":"https:\/\/sick-productions.com\/en\/about\/","title":{"rendered":"About"},"content":{"rendered":"\t\t<div data-elementor-type=\"wp-page\" data-elementor-id=\"92\" class=\"elementor elementor-92\" data-elementor-post-type=\"page\">\n\t\t\t\t<div class=\"elementor-element elementor-element-86fc30e e-flex e-con-boxed e-con e-parent\" data-id=\"86fc30e\" data-element_type=\"container\" data-e-type=\"container\" data-settings=\"{&quot;background_background&quot;:&quot;slideshow&quot;,&quot;background_slideshow_gallery&quot;:[{&quot;id&quot;:1806,&quot;url&quot;:&quot;https:\\\/\\\/sick-productions.com\\\/wp-content\\\/uploads\\\/2025\\\/05\\\/TA_8736.webp&quot;},{&quot;id&quot;:1795,&quot;url&quot;:&quot;https:\\\/\\\/sick-productions.com\\\/wp-content\\\/uploads\\\/2025\\\/05\\\/TA_8240.webp&quot;},{&quot;id&quot;:1770,&quot;url&quot;:&quot;https:\\\/\\\/sick-productions.com\\\/wp-content\\\/uploads\\\/2025\\\/05\\\/TA_7541.webp&quot;},{&quot;id&quot;:1782,&quot;url&quot;:&quot;https:\\\/\\\/sick-productions.com\\\/wp-content\\\/uploads\\\/2025\\\/05\\\/TA_7954.webp&quot;}],&quot;background_slideshow_loop&quot;:&quot;yes&quot;,&quot;background_slideshow_slide_duration&quot;:5000,&quot;background_slideshow_slide_transition&quot;:&quot;fade&quot;,&quot;background_slideshow_transition_duration&quot;:500}\">\n\t\t\t\t\t<div class=\"e-con-inner\">\n\t\t<div class=\"elementor-element elementor-element-ebbca98 e-flex e-con-boxed e-con e-child\" data-id=\"ebbca98\" data-element_type=\"container\" data-e-type=\"container\">\n\t\t\t\t\t<div class=\"e-con-inner\">\n\t\t\t\t<div class=\"elementor-element elementor-element-26060a9 elementor-widget elementor-widget-heading\" data-id=\"26060a9\" data-element_type=\"widget\" data-e-type=\"widget\" data-widget_type=\"heading.default\">\n\t\t\t\t\t<h1 class=\"elementor-heading-title elementor-size-default\">About<\/h1>\t\t\t\t<\/div>\n\t\t\t\t\t<\/div>\n\t\t\t\t<\/div>\n\t\t\t\t\t<\/div>\n\t\t\t\t<\/div>\n\t\t<div class=\"elementor-element elementor-element-255e1db e-flex e-con-boxed e-con e-parent\" data-id=\"255e1db\" data-element_type=\"container\" data-e-type=\"container\">\n\t\t\t\t\t<div class=\"e-con-inner\">\n\t\t<div class=\"elementor-element elementor-element-01889b3 e-con-full e-flex e-con e-child\" data-id=\"01889b3\" data-element_type=\"container\" data-e-type=\"container\">\n\t\t\t\t<div class=\"elementor-element elementor-element-4a56cd0 elementor-widget__width-initial elementor-hidden-mobile elementor-invisible elementor-widget elementor-widget-spacer\" data-id=\"4a56cd0\" data-element_type=\"widget\" data-e-type=\"widget\" data-settings=\"{&quot;_animation&quot;:&quot;fadeInLeft&quot;}\" data-widget_type=\"spacer.default\">\n\t\t\t\t\t\t\t<div class=\"elementor-spacer\">\n\t\t\t<div class=\"elementor-spacer-inner\"><\/div>\n\t\t<\/div>\n\t\t\t\t\t\t<\/div>\n\t\t\t\t<\/div>\n\t\t<div class=\"elementor-element elementor-element-9e584b0 e-con-full e-flex e-con e-child\" data-id=\"9e584b0\" data-element_type=\"container\" data-e-type=\"container\">\n\t\t\t\t<div class=\"elementor-element elementor-element-0b1ea92 elementor-hidden-mobile elementor-widget elementor-widget-text-editor\" data-id=\"0b1ea92\" data-element_type=\"widget\" data-e-type=\"widget\" data-widget_type=\"text-editor.default\">\n\t\t\t\t\t\t\t\t\t<p>Wer hinter der<br \/>Kamera steht<\/p>\t\t\t\t\t\t\t\t<\/div>\n\t\t\t\t<\/div>\n\t\t<div class=\"elementor-element elementor-element-c72037d e-con-full e-flex e-con e-child\" data-id=\"c72037d\" data-element_type=\"container\" data-e-type=\"container\">\n\t\t\t\t<div class=\"elementor-element elementor-element-f3a814a elementor-widget elementor-widget-icon-box\" data-id=\"f3a814a\" data-element_type=\"widget\" data-e-type=\"widget\" data-widget_type=\"icon-box.default\">\n\t\t\t\t\t\t\t<div class=\"elementor-icon-box-wrapper\">\n\n\t\t\t\n\t\t\t\t\t\t<div class=\"elementor-icon-box-content\">\n\n\t\t\t\t\t\t\t\t\t<h3 class=\"elementor-icon-box-title\">\n\t\t\t\t\t\t<span  >\n\t\t\t\t\t\t\tDer Mensch hinter Sick Productions\t\t\t\t\t\t<\/span>\n\t\t\t\t\t<\/h3>\n\t\t\t\t\n\t\t\t\t\t\t\t\t\t<p class=\"elementor-icon-box-description\">\n\t\t\t\t\t\tIch bin Tim, Fotograf, Videograf und Drohnenpilot aus M\u00fcnchen. Mit einem Auge f\u00fcr Details und einer Leidenschaft f\u00fcr visuelle Erlebnisse fange ich deine besonderen Momente in Bildern ein, die Emotionen wecken und Geschichten erz\u00e4hlen. Erfahre hier mehr \u00fcber mich!\t\t\t\t\t<\/p>\n\t\t\t\t\n\t\t\t<\/div>\n\t\t\t\n\t\t<\/div>\n\t\t\t\t\t\t<\/div>\n\t\t\t\t<\/div>\n\t\t\t\t\t<\/div>\n\t\t\t\t<\/div>\n\t\t<div class=\"elementor-element elementor-element-076c82b e-flex e-con-boxed e-con e-parent\" data-id=\"076c82b\" data-element_type=\"container\" data-e-type=\"container\">\n\t\t\t\t\t<div class=\"e-con-inner\">\n\t\t<div class=\"elementor-element elementor-element-3427c0b e-con-full e-flex e-con e-child\" data-id=\"3427c0b\" data-element_type=\"container\" data-e-type=\"container\">\n\t\t\t\t<div class=\"elementor-element elementor-element-641c04f elementor-invisible elementor-widget elementor-widget-text-editor\" data-id=\"641c04f\" data-element_type=\"widget\" data-e-type=\"widget\" data-settings=\"{&quot;_animation&quot;:&quot;slideInUp&quot;}\" data-widget_type=\"text-editor.default\">\n\t\t\t\t\t\t\t\t\t<p>Warum<br \/>Sick Productions?<\/p>\t\t\t\t\t\t\t\t<\/div>\n\t\t\t\t<div class=\"elementor-element elementor-element-06e6aa0 elementor-invisible elementor-widget elementor-widget-image\" data-id=\"06e6aa0\" data-element_type=\"widget\" data-e-type=\"widget\" data-settings=\"{&quot;_animation&quot;:&quot;slideInLeft&quot;}\" data-widget_type=\"image.default\">\n\t\t\t\t\t\t\t\t\t\t\t\t\t\t\t<img fetchpriority=\"high\" decoding=\"async\" width=\"683\" height=\"1024\" src=\"https:\/\/sick-productions.com\/wp-content\/uploads\/2025\/10\/Tim-Sickinger-683x1024.webp\" class=\"elementor-animation-grow attachment-large size-large wp-image-2755\" alt=\"Fotograf &amp; Videograf M\u00fcnchen\" srcset=\"https:\/\/sick-productions.com\/wp-content\/uploads\/2025\/10\/Tim-Sickinger-683x1024.webp 683w, https:\/\/sick-productions.com\/wp-content\/uploads\/2025\/10\/Tim-Sickinger-200x300.webp 200w, https:\/\/sick-productions.com\/wp-content\/uploads\/2025\/10\/Tim-Sickinger-768x1152.webp 768w, https:\/\/sick-productions.com\/wp-content\/uploads\/2025\/10\/Tim-Sickinger-1024x1536.webp 1024w, https:\/\/sick-productions.com\/wp-content\/uploads\/2025\/10\/Tim-Sickinger-8x12.webp 8w, https:\/\/sick-productions.com\/wp-content\/uploads\/2025\/10\/Tim-Sickinger.webp 1365w\" sizes=\"(max-width: 683px) 100vw, 683px\" title=\"\">\t\t\t\t\t\t\t\t\t\t\t\t\t\t\t<\/div>\n\t\t\t\t<\/div>\n\t\t<div class=\"elementor-element elementor-element-c233169 e-con-full e-flex e-con e-child\" data-id=\"c233169\" data-element_type=\"container\" data-e-type=\"container\">\n\t\t\t\t<div class=\"elementor-element elementor-element-0831419 elementor-invisible elementor-widget elementor-widget-image\" data-id=\"0831419\" data-element_type=\"widget\" data-e-type=\"widget\" data-settings=\"{&quot;_animation&quot;:&quot;slideInUp&quot;}\" data-widget_type=\"image.default\">\n\t\t\t\t\t\t\t\t\t\t\t\t\t\t\t<img decoding=\"async\" width=\"684\" height=\"1024\" src=\"https:\/\/sick-productions.com\/wp-content\/uploads\/2025\/05\/DSC00466-684x1024.webp\" class=\"elementor-animation-grow attachment-large size-large wp-image-1832\" alt=\"Schwarzer Pudel bekommt Leckerli Winter Kulisse\" srcset=\"https:\/\/sick-productions.com\/wp-content\/uploads\/2025\/05\/DSC00466-684x1024.webp 684w, https:\/\/sick-productions.com\/wp-content\/uploads\/2025\/05\/DSC00466-200x300.webp 200w, https:\/\/sick-productions.com\/wp-content\/uploads\/2025\/05\/DSC00466-768x1150.webp 768w, https:\/\/sick-productions.com\/wp-content\/uploads\/2025\/05\/DSC00466-1026x1536.webp 1026w, https:\/\/sick-productions.com\/wp-content\/uploads\/2025\/05\/DSC00466.webp 1368w\" sizes=\"(max-width: 684px) 100vw, 684px\" title=\"\">\t\t\t\t\t\t\t\t\t\t\t\t\t\t\t<\/div>\n\t\t\t\t<div class=\"elementor-element elementor-element-bfcbf4e elementor-invisible elementor-widget elementor-widget-text-editor\" data-id=\"bfcbf4e\" data-element_type=\"widget\" data-e-type=\"widget\" data-settings=\"{&quot;_animation&quot;:&quot;slideInUp&quot;}\" data-widget_type=\"text-editor.default\">\n\t\t\t\t\t\t\t\t\t<p>Der Name ist kein Zufall: &#8222;Sick&#8220; ist die Kurzform meines Nachnamens und gleichzeitig ein Versprechen. Denn was du bekommst, ist nicht einfach nur Content. Dein Content wird <strong>Sick<\/strong>! Visuell stark, professionell produziert und mit dem gewissen Wow-Faktor. Ob Foto, Film oder Drohne \u2013 ich liefere dir Inhalte, die auffallen, h\u00e4ngen bleiben und wirken. Pers\u00f6nlich. Kreativ. Auf den Punkt.<\/p>\t\t\t\t\t\t\t\t<\/div>\n\t\t\t\t<\/div>\n\t\t<div class=\"elementor-element elementor-element-6cbda1b e-con-full e-flex e-con e-child\" data-id=\"6cbda1b\" data-element_type=\"container\" data-e-type=\"container\">\n\t\t\t\t<div class=\"elementor-element elementor-element-eb4abe7 elementor-hidden-mobile elementor-invisible elementor-widget elementor-widget-image\" data-id=\"eb4abe7\" data-element_type=\"widget\" data-e-type=\"widget\" data-settings=\"{&quot;_animation&quot;:&quot;slideInRight&quot;}\" data-widget_type=\"image.default\">\n\t\t\t\t\t\t\t\t\t\t\t\t\t\t\t<img decoding=\"async\" width=\"1365\" height=\"2048\" src=\"https:\/\/sick-productions.com\/wp-content\/uploads\/2025\/05\/TA_7708-Enhanced-NR.webp\" class=\"elementor-animation-grow attachment-full size-full wp-image-1771\" alt=\"Gr\u00fcner Kolibri schaut nach oben Costa Rica\" srcset=\"https:\/\/sick-productions.com\/wp-content\/uploads\/2025\/05\/TA_7708-Enhanced-NR.webp 1365w, https:\/\/sick-productions.com\/wp-content\/uploads\/2025\/05\/TA_7708-Enhanced-NR-200x300.webp 200w, https:\/\/sick-productions.com\/wp-content\/uploads\/2025\/05\/TA_7708-Enhanced-NR-683x1024.webp 683w, https:\/\/sick-productions.com\/wp-content\/uploads\/2025\/05\/TA_7708-Enhanced-NR-768x1152.webp 768w, https:\/\/sick-productions.com\/wp-content\/uploads\/2025\/05\/TA_7708-Enhanced-NR-1024x1536.webp 1024w\" sizes=\"(max-width: 1365px) 100vw, 1365px\" title=\"\">\t\t\t\t\t\t\t\t\t\t\t\t\t\t\t<\/div>\n\t\t\t\t<\/div>\n\t\t\t\t\t<\/div>\n\t\t\t\t<\/div>\n\t\t<div class=\"elementor-element elementor-element-a41b003 e-flex e-con-boxed e-con e-parent\" data-id=\"a41b003\" data-element_type=\"container\" data-e-type=\"container\">\n\t\t\t\t\t<div class=\"e-con-inner\">\n\t\t<div class=\"elementor-element elementor-element-5ce5075 e-con-full e-flex e-con e-child\" data-id=\"5ce5075\" data-element_type=\"container\" data-e-type=\"container\">\n\t\t\t\t<div class=\"elementor-element elementor-element-97240ad elementor-widget elementor-widget-heading\" data-id=\"97240ad\" data-element_type=\"widget\" data-e-type=\"widget\" data-widget_type=\"heading.default\">\n\t\t\t\t\t<h2 class=\"elementor-heading-title elementor-size-default\">\u00dcber mich<\/h2>\t\t\t\t<\/div>\n\t\t\t\t<div class=\"elementor-element elementor-element-ed11624 elementor-widget elementor-widget-text-editor\" data-id=\"ed11624\" data-element_type=\"widget\" data-e-type=\"widget\" data-widget_type=\"text-editor.default\">\n\t\t\t\t\t\t\t\t\t<p class=\"\" data-start=\"321\" data-end=\"554\">Ich bin leidenschaftlicher Foto- und Videograf mit dem Blick f\u00fcrs Wesentliche und dem Anspruch, mehr zu liefern als sch\u00f6ne Bilder. F\u00fcr mich z\u00e4hlt, dass jedes Projekt eine Geschichte erz\u00e4hlt, Emotionen weckt und Menschen erreicht.<\/p>\n<p class=\"\" data-start=\"556\" data-end=\"919\">Gestartet bin ich bei Mawave, eine der der <strong>gr\u00f6\u00dften europ\u00e4ischen Digitalagenturen<\/strong>, bei der ich meine ersten Erfahrungen mit professionellen Medien- und Werbeproduktionen gesammelt habe. Danach war ich knapp zwei Jahre f\u00fcr <strong>Jochen Schweizer <\/strong>pers\u00f6nlich&nbsp;und die Jochen Schweizer Arena als Social Media Manager t\u00e4tig \u2013 eine Zeit voller Dynamik, spannender Drehs und viraler Beitr\u00e4ge, die teils \u00fcber eine Million Aufrufe erreicht haben.<\/p>\n<p class=\"\" data-start=\"921\" data-end=\"1256\">Seit meiner Selbstst\u00e4ndigkeit arbeite ich deutschlandweit und international an Auftr\u00e4gen, die genauso vielf\u00e4ltig sind wie meine Kunden. Ob Events, Immobilien, Imagefilme, Social Media Clips oder Drohnenaufnahmen \u2013 ich entwickle visuelle L\u00f6sungen, die passen. Keine Massenware, sondern individuell produziert und strategisch durchdacht. Auch hier konnte ich bereits Beitr\u00e4ge produzieren, die <b>mehrere Millionen<\/b><strong>&nbsp;Aufrufe<\/strong> erzielten.<\/p>\n<p class=\"\" data-start=\"1258\" data-end=\"1440\">Was mir wichtig ist? Eine klare Kommunikation, ehrliche Zusammenarbeit und ein reibungsloser Ablauf. Ich h\u00f6re genau zu, denke mit und setze um \u2013 effizient, kreativ und zuverl\u00e4ssig.<\/p>\n<p data-start=\"1258\" data-end=\"1440\">Dabei konnte ich einiges an Erfahrung in folgenden Bereichen sammeln:<\/p>\t\t\t\t\t\t\t\t<\/div>\n\t\t\t\t<div class=\"elementor-element elementor-element-15f4eed elementor-widget elementor-widget-text-editor\" data-id=\"15f4eed\" data-element_type=\"widget\" data-e-type=\"widget\" data-widget_type=\"text-editor.default\">\n\t\t\t\t\t\t\t\t\t<ul>\n<li>Kampagnenplanung, -umsetzung &amp; -analyse<\/li>\n<li>Contenterstellung und Videoproduktion<\/li>\n<li>Foto- &amp; Videoshootings mit professionellen Models<\/li>\n<li>Ganzheitliche Betreuung von Social Media Accounts<\/li>\n<li>Meta, LinkedIn &amp; TikTok Ad&#8217;s<\/li>\n<\/ul>\t\t\t\t\t\t\t\t<\/div>\n\t\t\t\t<\/div>\n\t\t\t\t\t<\/div>\n\t\t\t\t<\/div>\n\t\t<div class=\"elementor-element elementor-element-2c32efe e-flex e-con-boxed e-con e-parent\" data-id=\"2c32efe\" data-element_type=\"container\" data-e-type=\"container\">\n\t\t\t\t\t<div class=\"e-con-inner\">\n\t\t<div class=\"elementor-element elementor-element-26ba984 e-con-full e-flex e-con e-child\" data-id=\"26ba984\" data-element_type=\"container\" data-e-type=\"container\">\n\t\t\t\t<div class=\"elementor-element elementor-element-ddc0849 elementor-widget elementor-widget-heading\" data-id=\"ddc0849\" data-element_type=\"widget\" data-e-type=\"widget\" data-widget_type=\"heading.default\">\n\t\t\t\t\t<h2 class=\"elementor-heading-title elementor-size-default\">Programme<\/h2>\t\t\t\t<\/div>\n\t\t\t\t<div class=\"elementor-element elementor-element-efb37f5 elementor-widget elementor-widget-text-editor\" data-id=\"efb37f5\" data-element_type=\"widget\" data-e-type=\"widget\" data-widget_type=\"text-editor.default\">\n\t\t\t\t\t\t\t\t\t<ul><li>Videoschnitt:\u00a0<a href=\"https:\/\/www.blackmagicdesign.com\/de\/products\/davinciresolve\/studio\" target=\"_blank\" rel=\"noopener\">Davinci Resolve Studio<\/a>, <a href=\"https:\/\/www.adobe.com\/de\/products\/aftereffects.html\" target=\"_blank\" rel=\"noopener\">Adobe After Effects<\/a><\/li><li>Fotos &amp; Grafiken: <a href=\"https:\/\/www.adobe.com\/de\/products\/photoshop.html\" target=\"_blank\" rel=\"noopener\">Adobe Photoshop<\/a>\u00a0und\u00a0<a href=\"https:\/\/www.adobe.com\/de\/products\/photoshop-lightroom.html\" target=\"_blank\" rel=\"noopener\">Adobe Lightroom<\/a><\/li><\/ul>\t\t\t\t\t\t\t\t<\/div>\n\t\t\t\t<\/div>\n\t\t<div class=\"elementor-element elementor-element-cbbeec8 e-con-full e-flex e-con e-child\" data-id=\"cbbeec8\" data-element_type=\"container\" data-e-type=\"container\">\n\t\t\t\t<div class=\"elementor-element elementor-element-59cae68 elementor-widget elementor-widget-heading\" data-id=\"59cae68\" data-element_type=\"widget\" data-e-type=\"widget\" data-widget_type=\"heading.default\">\n\t\t\t\t\t<h2 class=\"elementor-heading-title elementor-size-default\">Mein Equipment<\/h2>\t\t\t\t<\/div>\n\t\t\t\t<div class=\"elementor-element elementor-element-3b268e3 elementor-widget elementor-widget-text-editor\" data-id=\"3b268e3\" data-element_type=\"widget\" data-e-type=\"widget\" data-widget_type=\"text-editor.default\">\n\t\t\t\t\t\t\t\t\t<ul><li>Kameras: Sony A7SIII und A7RV<\/li><li>Objektive: 35mm 1.4, 85mm 1.8, 14-24mm 2.4, 24-70mm GM II, 70-200 mm GM, 200-600mm G<\/li><li>Gimbal: DJI Ronin RS4<\/li><li>Drohnen: DJI Air 3 &amp; DJI Mini 3 Pro<\/li><li>Funkmikrofon: DJI Mic 2<\/li><li>Licht: Amaran 200XS inkl. Light Dome &amp; Amaran P60c f\u00fcr Video,<br \/>Blitzanlage f\u00fcr mobile Studiofotografie<\/li><\/ul>\t\t\t\t\t\t\t\t<\/div>\n\t\t\t\t<\/div>\n\t\t\t\t\t<\/div>\n\t\t\t\t<\/div>\n\t\t<div class=\"elementor-element elementor-element-316bf36 e-flex e-con-boxed e-con e-parent\" data-id=\"316bf36\" data-element_type=\"container\" data-e-type=\"container\">\n\t\t\t\t\t<div class=\"e-con-inner\">\n\t\t<div class=\"elementor-element elementor-element-7ae541e e-flex e-con-boxed e-con e-child\" data-id=\"7ae541e\" data-element_type=\"container\" data-e-type=\"container\">\n\t\t\t\t\t<div class=\"e-con-inner\">\n\t\t<div class=\"elementor-element elementor-element-09670e8 e-flex e-con-boxed e-con e-child\" data-id=\"09670e8\" data-element_type=\"container\" data-e-type=\"container\" data-settings=\"{&quot;background_background&quot;:&quot;classic&quot;}\">\n\t\t\t\t\t<div class=\"e-con-inner\">\n\t\t\t\t<div class=\"elementor-element elementor-element-ce84db7 elementor-widget elementor-widget-icon-box\" data-id=\"ce84db7\" data-element_type=\"widget\" data-e-type=\"widget\" data-widget_type=\"icon-box.default\">\n\t\t\t\t\t\t\t<div class=\"elementor-icon-box-wrapper\">\n\n\t\t\t\n\t\t\t\t\t\t<div class=\"elementor-icon-box-content\">\n\n\t\t\t\t\t\t\t\t\t<h2 class=\"elementor-icon-box-title\">\n\t\t\t\t\t\t<span  >\n\t\t\t\t\t\t\tDu hast Bock? let's go!\t\t\t\t\t\t<\/span>\n\t\t\t\t\t<\/h2>\n\t\t\t\t\n\t\t\t\t\t\t\t\t\t<p class=\"elementor-icon-box-description\">\n\t\t\t\t\t\tWenn du schon bis hier her gekommen bist, kannst du mich auch direkt kontaktieren!\t\t\t\t\t<\/p>\n\t\t\t\t\n\t\t\t<\/div>\n\t\t\t\n\t\t<\/div>\n\t\t\t\t\t\t<\/div>\n\t\t\t\t\t<\/div>\n\t\t\t\t<\/div>\n\t\t\t\t\t<\/div>\n\t\t\t\t<\/div>\n\t\t\t\t<div class=\"elementor-element elementor-element-6186a7e elementor-button-align-start elementor-mobile-button-align-stretch elementor-widget elementor-widget-form\" data-id=\"6186a7e\" data-element_type=\"widget\" data-e-type=\"widget\" data-settings=\"{&quot;step_next_label&quot;:&quot;Next&quot;,&quot;step_previous_label&quot;:&quot;Previous&quot;,&quot;button_width&quot;:&quot;100&quot;,&quot;step_type&quot;:&quot;number_text&quot;,&quot;step_icon_shape&quot;:&quot;circle&quot;}\" data-widget_type=\"form.default\">\n\t\t\t\t\t\t\t<form class=\"elementor-form\" method=\"post\" name=\"Kontaktformular - Sick Productions\" aria-label=\"Kontaktformular - Sick Productions\">\n\t\t\t<input type=\"hidden\" name=\"post_id\" value=\"92\"\/>\n\t\t\t<input type=\"hidden\" name=\"form_id\" value=\"6186a7e\"\/>\n\t\t\t<input type=\"hidden\" name=\"referer_title\" value=\"About - Sick Productions\" \/>\n\n\t\t\t\t\t\t\t<input type=\"hidden\" name=\"queried_id\" value=\"92\"\/>\n\t\t\t\n\t\t\t<div class=\"elementor-form-fields-wrapper elementor-labels-above\">\n\t\t\t\t\t\t\t\t<div class=\"elementor-field-type-email elementor-field-group elementor-column elementor-field-group-email elementor-col-50 elementor-field-required elementor-mark-required\">\n\t\t\t\t\t\t\t\t\t\t\t\t<label for=\"form-field-email\" class=\"elementor-field-label\">\n\t\t\t\t\t\t\t\tE-Mail-Adresse\t\t\t\t\t\t\t<\/label>\n\t\t\t\t\t\t\t\t\t\t\t\t\t\t<input size=\"1\" type=\"email\" name=\"form_fields[email]\" id=\"form-field-email\" class=\"elementor-field elementor-size-md  elementor-field-textual\" placeholder=\"E-Mail-Adresse\" required=\"required\">\n\t\t\t\t\t\t\t\t\t\t\t<\/div>\n\t\t\t\t\t\t\t\t<div class=\"elementor-field-type-select elementor-field-group elementor-column elementor-field-group-subject elementor-col-50 elementor-field-required elementor-mark-required\">\n\t\t\t\t\t\t\t\t\t\t\t\t<label for=\"form-field-subject\" class=\"elementor-field-label\">\n\t\t\t\t\t\t\t\tThema\t\t\t\t\t\t\t<\/label>\n\t\t\t\t\t\t\t\t<div class=\"elementor-field elementor-select-wrapper remove-before \">\n\t\t\t<div class=\"select-caret-down-wrapper\">\n\t\t\t\t<svg aria-hidden=\"true\" class=\"e-font-icon-svg e-eicon-caret-down\" viewBox=\"0 0 571.4 571.4\" xmlns=\"http:\/\/www.w3.org\/2000\/svg\"><path d=\"M571 393Q571 407 561 418L311 668Q300 679 286 679T261 668L11 418Q0 407 0 393T11 368 36 357H536Q550 357 561 368T571 393Z\"><\/path><\/svg>\t\t\t<\/div>\n\t\t\t<select name=\"form_fields[subject]\" id=\"form-field-subject\" class=\"elementor-field-textual elementor-size-md\" required=\"required\">\n\t\t\t\t\t\t\t\t\t<option value=\"Fotografie\">Fotografie<\/option>\n\t\t\t\t\t\t\t\t\t<option value=\"Videographie\">Videographie<\/option>\n\t\t\t\t\t\t\t\t\t<option value=\"Drohnen Service\">Drohnen Service<\/option>\n\t\t\t\t\t\t\t\t\t<option value=\"Social Media\">Social Media<\/option>\n\t\t\t\t\t\t\t\t\t<option value=\"Individuelle Anfrage\">Individuelle Anfrage<\/option>\n\t\t\t\t\t\t\t<\/select>\n\t\t<\/div>\n\t\t\t\t\t\t<\/div>\n\t\t\t\t\t\t\t\t<div class=\"elementor-field-type-textarea elementor-field-group elementor-column elementor-field-group-message elementor-col-100 elementor-field-required elementor-mark-required\">\n\t\t\t\t\t\t\t\t\t\t\t\t<label for=\"form-field-message\" class=\"elementor-field-label\">\n\t\t\t\t\t\t\t\tNachricht\t\t\t\t\t\t\t<\/label>\n\t\t\t\t\t\t<textarea class=\"elementor-field-textual elementor-field  elementor-size-md\" name=\"form_fields[message]\" id=\"form-field-message\" rows=\"4\" placeholder=\"Bitte gib mir eine kurze Beschreibung, um welches Projekt oder welchen Auftrag es sich handelt.\" required=\"required\"><\/textarea>\t\t\t\t<\/div>\n\t\t\t\t\t\t\t\t<div class=\"elementor-field-type-text\">\n\t\t\t\t\t<input size=\"1\" type=\"text\" name=\"form_fields[field_9ba0d8b]\" id=\"form-field-field_9ba0d8b\" class=\"elementor-field elementor-size-md \" style=\"display:none !important;\">\t\t\t\t<\/div>\n\t\t\t\t\t\t\t\t<div class=\"elementor-field-group elementor-column elementor-field-type-submit elementor-col-100 e-form__buttons\">\n\t\t\t\t\t<button class=\"elementor-button elementor-size-md\" type=\"submit\">\n\t\t\t\t\t\t<span class=\"elementor-button-content-wrapper\">\n\t\t\t\t\t\t\t\t\t\t\t\t\t\t\t\t\t\t\t\t\t\t<span class=\"elementor-button-text\">Nachricht senden<\/span>\n\t\t\t\t\t\t\t\t\t\t\t\t\t<\/span>\n\t\t\t\t\t<\/button>\n\t\t\t\t<\/div>\n\t\t\t<\/div>\n\t\t<\/form>\n\t\t\t\t\t\t<\/div>\n\t\t\t\t\t<\/div>\n\t\t\t\t<\/div>\n\t\t\t\t<\/div>\n\t\t","protected":false},"excerpt":{"rendered":"<p>About Wer hinter derKamera steht Der Mensch hinter Sick Productions Ich bin Tim, Fotograf, Videograf und Drohnenpilot aus M\u00fcnchen. Mit einem Auge f\u00fcr Details und einer Leidenschaft f\u00fcr visuelle Erlebnisse fange ich deine besonderen Momente in Bildern ein, die Emotionen wecken und Geschichten erz\u00e4hlen. Erfahre hier mehr \u00fcber mich! WarumSick Productions? Der Name ist kein [&hellip;]<\/p>\n","protected":false},"author":1,"featured_media":0,"parent":0,"menu_order":0,"comment_status":"closed","ping_status":"closed","template":"","meta":{"footnotes":""},"folder":[],"class_list":["post-92","page","type-page","status-publish","hentry"],"_links":{"self":[{"href":"https:\/\/sick-productions.com\/en\/wp-json\/wp\/v2\/pages\/92","targetHints":{"allow":["GET"]}}],"collection":[{"href":"https:\/\/sick-productions.com\/en\/wp-json\/wp\/v2\/pages"}],"about":[{"href":"https:\/\/sick-productions.com\/en\/wp-json\/wp\/v2\/types\/page"}],"author":[{"embeddable":true,"href":"https:\/\/sick-productions.com\/en\/wp-json\/wp\/v2\/users\/1"}],"replies":[{"embeddable":true,"href":"https:\/\/sick-productions.com\/en\/wp-json\/wp\/v2\/comments?post=92"}],"version-history":[{"count":25,"href":"https:\/\/sick-productions.com\/en\/wp-json\/wp\/v2\/pages\/92\/revisions"}],"predecessor-version":[{"id":2948,"href":"https:\/\/sick-productions.com\/en\/wp-json\/wp\/v2\/pages\/92\/revisions\/2948"}],"wp:attachment":[{"href":"https:\/\/sick-productions.com\/en\/wp-json\/wp\/v2\/media?parent=92"}],"wp:term":[{"taxonomy":"folder","embeddable":true,"href":"https:\/\/sick-productions.com\/en\/wp-json\/wp\/v2\/folder?post=92"}],"curies":[{"name":"wp","href":"https:\/\/api.w.org\/{rel}","templated":true}]}}